{"id":155,"date":"2022-11-22T11:08:02","date_gmt":"2022-11-22T11:08:02","guid":{"rendered":"https:\/\/nhcsocial.pt\/new_wp\/?page_id=155"},"modified":"2026-04-13T16:32:35","modified_gmt":"2026-04-13T15:32:35","slug":"quem-somos","status":"publish","type":"page","link":"https:\/\/nhcsocial.pt\/index.php\/quem-somos\/","title":{"rendered":"Quem Somos"},"content":{"rendered":"\t\t<div data-elementor-type=\"wp-page\" data-elementor-id=\"155\" class=\"elementor elementor-155\" data-elementor-post-type=\"page\">\n\t\t\t\t\t\t<section class=\"elementor-section elementor-top-section elementor-element elementor-element-cb50be8 elementor-section-height-min-height elementor-section-full_width elementor-section-height-default elementor-section-items-middle\" data-id=\"cb50be8\" data-element_type=\"section\" data-settings=\"{&quot;background_background&quot;:&quot;classic&quot;}\">\n\t\t\t\t\t\t\t<div class=\"elementor-background-overlay\"><\/div>\n\t\t\t\t\t\t\t<div class=\"elementor-container elementor-column-gap-no\">\n\t\t\t\t\t<div class=\"elementor-column elementor-col-100 elementor-top-column elementor-element elementor-element-bae4a3c\" data-id=\"bae4a3c\" data-element_type=\"column\">\n\t\t\t<div class=\"elementor-widget-wrap elementor-element-populated\">\n\t\t\t\t\t\t<div class=\"elementor-element elementor-element-7eb328e elementor--h-position-center elementor--v-position-middle elementor-pagination-position-inside elementor-widget elementor-widget-slides\" data-id=\"7eb328e\" data-element_type=\"widget\" data-settings=\"{&quot;navigation&quot;:&quot;dots&quot;,&quot;autoplay&quot;:&quot;yes&quot;,&quot;pause_on_hover&quot;:&quot;yes&quot;,&quot;pause_on_interaction&quot;:&quot;yes&quot;,&quot;autoplay_speed&quot;:5000,&quot;infinite&quot;:&quot;yes&quot;,&quot;transition&quot;:&quot;slide&quot;,&quot;transition_speed&quot;:500}\" data-widget_type=\"slides.default\">\n\t\t\t\t<div class=\"elementor-widget-container\">\n\t\t\t\t\t\t\t\t\t<div class=\"elementor-swiper\">\n\t\t\t\t\t<div class=\"elementor-slides-wrapper elementor-main-swiper swiper\" role=\"region\" aria-roledescription=\"carousel\" aria-label=\"Slides\" dir=\"ltr\" data-animation=\"fadeInUp\">\n\t\t\t\t<div class=\"swiper-wrapper elementor-slides\">\n\t\t\t\t\t\t\t\t\t\t<div class=\"elementor-repeater-item-cc2aa5a swiper-slide\" role=\"group\" aria-roledescription=\"slide\"><div class=\"swiper-slide-bg\" role=\"img\"><\/div><div class=\"swiper-slide-inner\" ><div class=\"swiper-slide-contents\"><\/div><\/div><\/div><div class=\"elementor-repeater-item-4c83311 swiper-slide\" role=\"group\" aria-roledescription=\"slide\"><div class=\"swiper-slide-bg\" role=\"img\"><\/div><div class=\"swiper-slide-inner\" ><div class=\"swiper-slide-contents\"><\/div><\/div><\/div><div class=\"elementor-repeater-item-8954cd8 swiper-slide\" role=\"group\" aria-roledescription=\"slide\"><div class=\"swiper-slide-bg\" role=\"img\"><\/div><div class=\"swiper-slide-inner\" ><div class=\"swiper-slide-contents\"><\/div><\/div><\/div><div class=\"elementor-repeater-item-b265da7 swiper-slide\" role=\"group\" aria-roledescription=\"slide\"><div class=\"swiper-slide-bg\" role=\"img\"><\/div><div class=\"swiper-slide-inner\" ><div class=\"swiper-slide-contents\"><\/div><\/div><\/div><div class=\"elementor-repeater-item-93bd306 swiper-slide\" role=\"group\" aria-roledescription=\"slide\"><div class=\"swiper-slide-bg\" role=\"img\"><\/div><div class=\"swiper-slide-inner\" ><div class=\"swiper-slide-contents\"><\/div><\/div><\/div>\t\t\t\t<\/div>\n\t\t\t\t\t\t\t\t\t\t\t\t\t\t\t\t\t\t\t\t<div class=\"swiper-pagination\"><\/div>\n\t\t\t\t\t\t\t\t\t\t\t\t<\/div>\n\t\t\t\t<\/div>\n\t\t\t\t\t\t\t\t<\/div>\n\t\t\t\t<\/div>\n\t\t\t\t\t<\/div>\n\t\t<\/div>\n\t\t\t\t\t<\/div>\n\t\t<\/section>\n\t\t\t\t<section class=\"elementor-section elementor-top-section elementor-element elementor-element-208767f elementor-section-boxed elementor-section-height-default elementor-section-height-default\" data-id=\"208767f\" data-element_type=\"section\" id=\"historia\" data-settings=\"{&quot;background_background&quot;:&quot;classic&quot;,&quot;animation&quot;:&quot;none&quot;}\">\n\t\t\t\t\t\t\t<div class=\"elementor-background-overlay\"><\/div>\n\t\t\t\t\t\t\t<div class=\"elementor-container elementor-column-gap-default\">\n\t\t\t\t\t<div class=\"elementor-column elementor-col-100 elementor-top-column elementor-element elementor-element-506d30c\" data-id=\"506d30c\" data-element_type=\"column\">\n\t\t\t<div class=\"elementor-widget-wrap elementor-element-populated\">\n\t\t\t\t\t\t<section class=\"elementor-section elementor-inner-section elementor-element elementor-element-167c3d6 animated-fast elementor-section-boxed elementor-section-height-default elementor-section-height-default\" data-id=\"167c3d6\" data-element_type=\"section\" data-settings=\"{&quot;animation&quot;:&quot;none&quot;,&quot;animation_delay&quot;:0}\">\n\t\t\t\t\t\t<div class=\"elementor-container elementor-column-gap-default\">\n\t\t\t\t\t<div class=\"elementor-column elementor-col-100 elementor-inner-column elementor-element elementor-element-26b8810\" data-id=\"26b8810\" data-element_type=\"column\" data-settings=\"{&quot;background_background&quot;:&quot;classic&quot;}\">\n\t\t\t<div class=\"elementor-widget-wrap elementor-element-populated\">\n\t\t\t\t\t<div class=\"elementor-background-overlay\"><\/div>\n\t\t\t\t\t\t<div class=\"elementor-element elementor-element-c6ce00f elementor-widget elementor-widget-heading\" data-id=\"c6ce00f\" data-element_type=\"widget\" data-widget_type=\"heading.default\">\n\t\t\t\t<div class=\"elementor-widget-container\">\n\t\t\t\t\t<h3 class=\"elementor-heading-title elementor-size-default\">Hist\u00f3ria<\/h3>\t\t\t\t<\/div>\n\t\t\t\t<\/div>\n\t\t\t\t<div class=\"elementor-element elementor-element-e378197 elementor-widget elementor-widget-text-editor\" data-id=\"e378197\" data-element_type=\"widget\" data-widget_type=\"text-editor.default\">\n\t\t\t\t<div class=\"elementor-widget-container\">\n\t\t\t\t\t\t\t\t\t<p>A NHC (Social) \u2013 Cooperativa de Solidariedade, CRL, foi constitu\u00edda em 13 de julho de 1999 para atuar em projetos de cariz eminentemente de apoio social nas suas v\u00e1rias vertentes, sobretudo na \u00e1rea de habita\u00e7\u00e3o.<\/p>\n<p>Obteve o estatuto de equipara\u00e7\u00e3o a IPSS, por despacho da Dire\u00e7\u00e3o Geral da A\u00e7\u00e3o Social em 7 de setembro de 2000.<\/p>\n<p>Em 2001 celebrou protocolo de colabora\u00e7\u00e3o com o IGAPHE para a organiza\u00e7\u00e3o e gest\u00e3o do patrim\u00f3nio edificado por aquele instituto no Bairro dos L\u00f3ios em Lisboa. Em resultado das medidas aplicadas pelo governo eleito em 2002, o IGAPHE foi extinto, sendo cancelado o protocolo em vigor.<\/p>\n<p>Em 2004 a NHC (Social) apresentou candidaturas aos Concursos P\u00fablicos de transfer\u00eancia de Patrim\u00f3nio do IGAPHE, tendo obtido os bairros de; Marrazes em Leiria; Salvaterra de Magos e Nisa, num total de cerca de 200 fogos, tendo tamb\u00e9m ganho tr\u00eas bairros em Alter do Ch\u00e2o, cuja concretiza\u00e7\u00e3o nunca se veio a verificar. A partir de fevereiro de 2005 a NHC (Social) passou a administrar, de pleno direito, aqueles tr\u00eas bairros.<\/p>\n<p>Em 2006 foram apresentadas candidaturas ao Programa Prohabita para a reabilita\u00e7\u00e3o dos bairros de Marrazes e Salvaterra de Magos, tendo o primeiro sido reabilitado entre 2011-2013, e tendo a reabilita\u00e7\u00e3o do segundo ocorrido em 2018.<\/p>\n<p>Em 2009 a interven\u00e7\u00e3o na habita\u00e7\u00e3o social foi refor\u00e7ada com interven\u00e7\u00f5es na gest\u00e3o de dois novos bairros sociais em Odivelas e Loures. Tamb\u00e9m em 2009 foi aprovada pela ARS Centro uma candidatura para a constru\u00e7\u00e3o de Unidade de Cuidados Continuados Integrados em Marrazes-Leira, tendo o procedimento concursal sido anulado em 2011, pelo novo governo.<\/p>\n<p>Ainda em 2009 a NHC (Social) iniciou as atividades na \u00e1rea da inf\u00e2ncia, com a cria\u00e7\u00e3o de um jardim-de inf\u00e2ncia em S\u00e3o Jo\u00e3o da Talha \u2013 Loures.<br>Entre 2013 e 2015 a NHC (Social) foi entidade gestora do Projeto Inserir com Escolhas no \u00e2mbito do Programa Escolhas.<\/p>\n<p>Em 2013 a NHC (Social) apresentou candidatura para a gest\u00e3o de uma creche nos Olivais Norte, para 42 utentes, no \u00e2mbito do Programa B.a.B\u00e1 da C\u00e2mara Municipal de Lisboa, que lhe foi atribu\u00edda e que est\u00e1 em funcionamento desde setembro de 2014.<\/p>\n<p>Em 2017 o Jardim de Inf\u00e2ncia de S\u00e3o Jo\u00e3o da Talha \u2013 Loures, foi cedido a outra IPSS mais vocacionada para trabalhar com a comunidade alvo.<\/p>\n<p>Em 2018 a aquisi\u00e7\u00e3o de mais 28 fogos na Urbaniza\u00e7\u00e3o da Arroja, em Odivelas, destinados a arrendamento no regime de renda apoiada.<\/p>\n<p>Em 2019 a NHC (Social) celebra os seus 20 anos de exist\u00eancia, adotando uma nova imagem institucional.<\/p>\n<p>Em 2022 a NHC (Social) foi eleita benefici\u00e1ria pelas Estrat\u00e9gias Locais de Habita\u00e7\u00e3o (ELH) promovidas pelos Munic\u00edpios de Leiria, Odivelas e Salvaterra de Magos. Estando j\u00e1 em curso uma candidatura, no \u00e2mbito do Programa 1\u00ba Direito\/PRR, para a melhoria das condi\u00e7\u00f5es de sustentabilidade e efici\u00eancia energ\u00e9tica dos 31 fogos de Salvaterra de Magos.<\/p>\n<p>Em 2023 f<span style=\"background-color: var( --e-global-color-c005116 ); color: var( --e-global-color-text ); font-family: var( --e-global-typography-text-font-family ), Sans-serif; font-size: var( --e-global-typography-text-font-size ); font-weight: var( --e-global-typography-text-font-weight );\">oi celebrado o contrato de financiamento com o IHRU \u2013 Instituto de Habita\u00e7\u00e3o e Reabilita\u00e7\u00e3o Urbana, no \u00e2mbito do PRR &#8211; Plano de Recupera\u00e7\u00e3o e Resili\u00eancia, para a reabilita\u00e7\u00e3o dos 31 fogos de Salvaterra de Magos, ser\u00e1 muito brevemente lan\u00e7ado o concurso p\u00fablico da empreitada. Ainda neste ano f<\/span><span style=\"background-color: var( --e-global-color-c005116 ); color: var( --e-global-color-text ); font-family: var( --e-global-typography-text-font-family ), Sans-serif; font-size: var( --e-global-typography-text-font-size ); font-weight: var( --e-global-typography-text-font-weight );\">oi tamb\u00e9m, submetida a candidatura, ao IHRU, no \u00e2mbito do PRR,\npara a reabilita\u00e7\u00e3o dos 146 fogos, de Marrazes, em Leiria.<\/span><\/p><p><o:p><\/o:p><\/p>\n<p><\/p>\t\t\t\t\t\t\t\t<\/div>\n\t\t\t\t<\/div>\n\t\t\t\t\t<\/div>\n\t\t<\/div>\n\t\t\t\t\t<\/div>\n\t\t<\/section>\n\t\t\t\t<section class=\"elementor-section elementor-inner-section elementor-element elementor-element-8bd9ee9 animated-fast elementor-section-boxed elementor-section-height-default elementor-section-height-default\" data-id=\"8bd9ee9\" data-element_type=\"section\" data-settings=\"{&quot;animation&quot;:&quot;none&quot;,&quot;animation_delay&quot;:0}\">\n\t\t\t\t\t\t<div class=\"elementor-container elementor-column-gap-default\">\n\t\t\t\t\t<div class=\"elementor-column elementor-col-100 elementor-inner-column elementor-element elementor-element-73898b2\" data-id=\"73898b2\" data-element_type=\"column\" data-settings=\"{&quot;background_background&quot;:&quot;classic&quot;}\">\n\t\t\t<div class=\"elementor-widget-wrap elementor-element-populated\">\n\t\t\t\t\t<div class=\"elementor-background-overlay\"><\/div>\n\t\t\t\t\t\t<div class=\"elementor-element elementor-element-75e4da5 elementor-widget elementor-widget-heading\" data-id=\"75e4da5\" data-element_type=\"widget\" data-widget_type=\"heading.default\">\n\t\t\t\t<div class=\"elementor-widget-container\">\n\t\t\t\t\t<h3 class=\"elementor-heading-title elementor-size-default\">Miss\u00e3o<\/h3>\t\t\t\t<\/div>\n\t\t\t\t<\/div>\n\t\t\t\t<div class=\"elementor-element elementor-element-52d644b elementor-widget elementor-widget-text-editor\" data-id=\"52d644b\" data-element_type=\"widget\" data-widget_type=\"text-editor.default\">\n\t\t\t\t<div class=\"elementor-widget-container\">\n\t\t\t\t\t\t\t\t\t<div>\n\nA Cooperativa tem como objeto social, atrav\u00e9s da coopera\u00e7\u00e3o e entreajuda dos seus membros, em obedi\u00eancia aos Princ\u00edpios Cooperativos, a satisfa\u00e7\u00e3o, sem fins lucrativos, das necessidades sociais de cidad\u00e3os carecidos, mediante a concess\u00e3o de bens e a presta\u00e7\u00e3o de servi\u00e7os, nomeadamente nos seguintes dom\u00ednios:\n<br\/><br\/>\n<ul>\n \t<li>\n<ul>\u00a0 Apoio a grupos vulner\u00e1veis, em especial crian\u00e7as e jovens, pessoas com defici\u00eancia e idosos;<\/ul>\n<\/li>\n<\/ul>\n&nbsp;\n<ul>\n \t<li>\n<ul>\u00a0 Apoio a fam\u00edlias e comunidades socialmente desfavorecidas com vista \u00e0 melhoria da sua qualidade de vida e inser\u00e7\u00e3o s\u00f3cio-econ\u00f3mica;<\/ul>\n<\/li>\n<\/ul>\n&nbsp;\n<ul>\n \t<li>\n<ul>\u00a0 Desenvolvimento de programas de apoio direcionados para grupos-alvo, designadamente em situa\u00e7\u00e3o de doen\u00e7a, velhice, defici\u00eancia e car\u00eancia econ\u00f3mica grave;<\/ul>\n<\/li>\n<\/ul>\n&nbsp;\n<ul>\n \t<li>\n<ul>\u00a0 Promo\u00e7\u00e3o do acesso \u00e0 educa\u00e7\u00e3o, forma\u00e7\u00e3o e integra\u00e7\u00e3o profissional de grupos socialmente desfavorecidos;<\/ul>\n<\/li>\n<\/ul>\n&nbsp;\n<ul>\n \t<li>\n<ul>\u00a0 Resolu\u00e7\u00e3o de problemas habitacionais, nomeadamente promovendo e gerindo habita\u00e7\u00e3o protegida para idosos e outros estratos da popula\u00e7\u00e3o vulner\u00e1vel;<\/ul>\n<\/li>\n<\/ul>\n&nbsp;\n<ul>\n \t<li>\n<ul>\u00a0 Promo\u00e7\u00e3o de iniciativas de car\u00e1cter recreativo, cultural e desportivo;<\/ul>\n<\/li>\n<\/ul>\n<\/div>\t\t\t\t\t\t\t\t<\/div>\n\t\t\t\t<\/div>\n\t\t\t\t\t<\/div>\n\t\t<\/div>\n\t\t\t\t\t<\/div>\n\t\t<\/section>\n\t\t\t\t\t<\/div>\n\t\t<\/div>\n\t\t\t\t\t<\/div>\n\t\t<\/section>\n\t\t\t\t<section class=\"elementor-section elementor-top-section elementor-element elementor-element-8d8b80d elementor-section-boxed elementor-section-height-default elementor-section-height-default\" data-id=\"8d8b80d\" data-element_type=\"section\" id=\"publicacoes\" data-settings=\"{&quot;animation&quot;:&quot;none&quot;}\">\n\t\t\t\t\t\t<div class=\"elementor-container elementor-column-gap-default\">\n\t\t\t\t\t<div class=\"elementor-column elementor-col-100 elementor-top-column elementor-element elementor-element-1f5ff97\" data-id=\"1f5ff97\" data-element_type=\"column\">\n\t\t\t<div class=\"elementor-widget-wrap elementor-element-populated\">\n\t\t\t\t\t\t<section class=\"elementor-section elementor-inner-section elementor-element elementor-element-03c1c20 animated-fast elementor-section-boxed elementor-section-height-default elementor-section-height-default\" data-id=\"03c1c20\" data-element_type=\"section\" data-settings=\"{&quot;animation&quot;:&quot;none&quot;,&quot;animation_delay&quot;:0}\">\n\t\t\t\t\t\t<div class=\"elementor-container elementor-column-gap-default\">\n\t\t\t\t\t<div class=\"elementor-column elementor-col-100 elementor-inner-column elementor-element elementor-element-2a3072d\" data-id=\"2a3072d\" data-element_type=\"column\" data-settings=\"{&quot;background_background&quot;:&quot;classic&quot;}\">\n\t\t\t<div class=\"elementor-widget-wrap elementor-element-populated\">\n\t\t\t\t\t<div class=\"elementor-background-overlay\"><\/div>\n\t\t\t\t\t\t<div class=\"elementor-element elementor-element-289a93e elementor-widget elementor-widget-heading\" data-id=\"289a93e\" data-element_type=\"widget\" data-widget_type=\"heading.default\">\n\t\t\t\t<div class=\"elementor-widget-container\">\n\t\t\t\t\t<h3 class=\"elementor-heading-title elementor-size-default\">Publica\u00e7\u00f5es<\/h3>\t\t\t\t<\/div>\n\t\t\t\t<\/div>\n\t\t\t\t<div class=\"elementor-element elementor-element-ae32bed elementor-widget elementor-widget-text-editor\" data-id=\"ae32bed\" data-element_type=\"widget\" data-widget_type=\"text-editor.default\">\n\t\t\t\t<div class=\"elementor-widget-container\">\n\t\t\t\t\t\t\t\t\t<table><thead><tr><th><center><strong>Estatutos<\/strong><\/center><\/th><th><center><strong>Plano de actividades<\/strong><\/center><\/th><th><center><strong>Relat\u00f3rios e Contas<\/strong><\/center><\/th><th><center><strong>Protocolos<\/strong><\/center><\/th><th><center><strong>Equipara\u00e7\u00f5es e Credenciais<\/strong><\/center><\/th><th><center><strong>RGPD<\/strong><\/center><\/th><\/tr><\/thead><tbody><tr><td><center><a href=\"https:\/\/nhcsocial.pt\/wp-content\/uploads\/2023\/02\/Estatutos.pdf\" target=\"_blank\" rel=\"noopener\">Estatutos<\/a><\/center><\/td><td><center><a href=\"https:\/\/nhcsocial.pt\/wp-content\/uploads\/2024\/03\/Plano-de-Atividades-2024.pdf\" target=\"_blank\" rel=\"noopener\">Plano de actividades 2024<\/a><\/center><center><a style=\"font-family: inherit; font-size: inherit;\" href=\"https:\/\/nhcsocial.pt\/wp-content\/uploads\/2025\/04\/Plano-de-Atividades-2025.pdf\" target=\"_blank\" rel=\"noopener\">Plano de actividades 2025<\/a><\/center><\/td><td><center><a href=\"https:\/\/nhcsocial.pt\/wp-content\/uploads\/2025\/04\/Relatorio-e-contas-2024.pdf\" target=\"_blank\" rel=\"noopener\">Relat\u00f3rio de Contas 2024<\/a><\/center><center><a href=\"https:\/\/nhcsocial.pt\/wp-content\/uploads\/2026\/04\/Relatorio-e-contas-2025.pdf\" target=\"_blank\" rel=\"noopener\">Relat\u00f3rio de Contas 2025<\/a><\/center><\/td><td><center><a href=\"https:\/\/nhcsocial.pt\/wp-content\/uploads\/2023\/02\/Acordo_Cooperacao_Creche.pdf\" target=\"_blank\" rel=\"noopener\">Acordo Coopera\u00e7\u00e3o Creche<\/a><\/center><center><a href=\"https:\/\/nhcsocial.pt\/wp-content\/uploads\/2023\/02\/Protocolo-Colaboracao-CML-Creche.pdf\" target=\"_blank\" rel=\"noopener\">Protocolo Colabora\u00e7\u00e3o CML &#8211; Creche<\/a><\/center><\/td><td><center><a href=\"https:\/\/nhcsocial.pt\/wp-content\/uploads\/2023\/02\/Equiparacao-IPSS.pdf\" target=\"_blank\" rel=\"noopener\">Equipara\u00e7\u00e3o a IPSS<\/a><\/center><center><a href=\"https:\/\/nhcsocial.pt\/wp-content\/uploads\/2026\/04\/Credencial-NHCSocial-2026.pdf\" target=\"_blank\" rel=\"noopener\">Credencial Cases<\/a><\/center><\/td><td><center><a href=\"https:\/\/nhcsocial.pt\/wp-content\/uploads\/2023\/02\/3-Politica-Privacidade-e-Termos-Utilizacao-NHC-Social.pdf\" target=\"_blank\" rel=\"noopener\">Pol\u00edtica Privacidade e Termos Utiliza\u00e7\u00e3o NHC Social<\/a><\/center><center><a href=\"https:\/\/nhcsocial.pt\/wp-content\/uploads\/2023\/02\/3-Minuta-exercicio-direitos.pdf\" target=\"_blank\" rel=\"noopener\">Minuta para exerc\u00edcio de direitos<\/a><\/center><\/td><\/tr><\/tbody><\/table>\t\t\t\t\t\t\t\t<\/div>\n\t\t\t\t<\/div>\n\t\t\t\t\t<\/div>\n\t\t<\/div>\n\t\t\t\t\t<\/div>\n\t\t<\/section>\n\t\t\t\t\t<\/div>\n\t\t<\/div>\n\t\t\t\t\t<\/div>\n\t\t<\/section>\n\t\t\t\t<section class=\"elementor-section elementor-top-section elementor-element elementor-element-60220f2 elementor-section-boxed elementor-section-height-default elementor-section-height-default\" data-id=\"60220f2\" data-element_type=\"section\" id=\"orgaos-sociais\">\n\t\t\t\t\t\t<div class=\"elementor-container elementor-column-gap-default\">\n\t\t\t\t\t<div class=\"elementor-column elementor-col-100 elementor-top-column elementor-element elementor-element-c9e31a9\" data-id=\"c9e31a9\" data-element_type=\"column\">\n\t\t\t<div class=\"elementor-widget-wrap elementor-element-populated\">\n\t\t\t\t\t\t<section class=\"elementor-section elementor-inner-section elementor-element elementor-element-0ff59da animated-slow elementor-section-boxed elementor-section-height-default elementor-section-height-default\" data-id=\"0ff59da\" data-element_type=\"section\" data-settings=\"{&quot;animation&quot;:&quot;none&quot;,&quot;animation_delay&quot;:200}\">\n\t\t\t\t\t\t<div class=\"elementor-container elementor-column-gap-default\">\n\t\t\t\t\t<div class=\"elementor-column elementor-col-100 elementor-inner-column elementor-element elementor-element-160c64d\" data-id=\"160c64d\" data-element_type=\"column\" data-settings=\"{&quot;background_background&quot;:&quot;classic&quot;}\">\n\t\t\t<div class=\"elementor-widget-wrap elementor-element-populated\">\n\t\t\t\t\t<div class=\"elementor-background-overlay\"><\/div>\n\t\t\t\t\t\t<div class=\"elementor-element elementor-element-2113b58 elementor-widget elementor-widget-heading\" data-id=\"2113b58\" data-element_type=\"widget\" data-widget_type=\"heading.default\">\n\t\t\t\t<div class=\"elementor-widget-container\">\n\t\t\t\t\t<h3 class=\"elementor-heading-title elementor-size-default\">Org\u00e3os Sociais<\/h3>\t\t\t\t<\/div>\n\t\t\t\t<\/div>\n\t\t\t\t<div class=\"elementor-element elementor-element-37e9373 elementor-widget elementor-widget-text-editor\" data-id=\"37e9373\" data-element_type=\"widget\" data-widget_type=\"text-editor.default\">\n\t\t\t\t<div class=\"elementor-widget-container\">\n\t\t\t\t\t\t\t\t\t<div class=\"one_third last\"><strong>Mesa da Assembleia Geral<\/strong><br \/>Presidente \u2013 Ana Paula Capelas da Concei\u00e7\u00e3o Carneiro<br \/>Vice-Presidente \u2013 Ana Gon\u00e7alves Pires<br \/><strong>Conselho Fiscal<\/strong><br \/>Presidente \u2013 Tiago Daniel da Concei\u00e7\u00e3o Lu\u00eds<br \/><strong>Conselho de Administra\u00e7\u00e3o<\/strong><br \/>Presidente \u2013 Manuel Fernando Martins Tereso<br \/>Vice-Presidente \u2013 Jorge Guilherme<br \/>Vogal \u2013 Albertina Ol\u00edmpia Pereira Mateus<br \/>Vogal \u2013 Ant\u00f3nio J\u00falio Marques Baptista Coelho<br \/>Vogal \u2013 Jos\u00e9 Carlos Sanches<\/div>\t\t\t\t\t\t\t\t<\/div>\n\t\t\t\t<\/div>\n\t\t\t\t\t<\/div>\n\t\t<\/div>\n\t\t\t\t\t<\/div>\n\t\t<\/section>\n\t\t\t\t\t<\/div>\n\t\t<\/div>\n\t\t\t\t\t<\/div>\n\t\t<\/section>\n\t\t\t\t<\/div>\n\t\t","protected":false},"excerpt":{"rendered":"<p>Hist\u00f3ria A NHC (Social) \u2013 Cooperativa de Solidariedade, CRL, foi constitu\u00edda em 13 de julho de 1999 para atuar em projetos de cariz eminentemente de apoio social nas suas v\u00e1rias vertentes, sobretudo na \u00e1rea de habita\u00e7\u00e3o. Obteve o estatuto de equipara\u00e7\u00e3o a IPSS, por despacho da Dire\u00e7\u00e3o Geral da A\u00e7\u00e3o Social em 7 de setembro [&hellip;]<\/p>\n","protected":false},"author":1,"featured_media":120,"parent":0,"menu_order":0,"comment_status":"closed","ping_status":"closed","template":"elementor_theme","meta":{"footnotes":""},"class_list":["post-155","page","type-page","status-publish","has-post-thumbnail","hentry"],"_links":{"self":[{"href":"https:\/\/nhcsocial.pt\/index.php\/wp-json\/wp\/v2\/pages\/155","targetHints":{"allow":["GET"]}}],"collection":[{"href":"https:\/\/nhcsocial.pt\/index.php\/wp-json\/wp\/v2\/pages"}],"about":[{"href":"https:\/\/nhcsocial.pt\/index.php\/wp-json\/wp\/v2\/types\/page"}],"author":[{"embeddable":true,"href":"https:\/\/nhcsocial.pt\/index.php\/wp-json\/wp\/v2\/users\/1"}],"replies":[{"embeddable":true,"href":"https:\/\/nhcsocial.pt\/index.php\/wp-json\/wp\/v2\/comments?post=155"}],"version-history":[{"count":120,"href":"https:\/\/nhcsocial.pt\/index.php\/wp-json\/wp\/v2\/pages\/155\/revisions"}],"predecessor-version":[{"id":1108,"href":"https:\/\/nhcsocial.pt\/index.php\/wp-json\/wp\/v2\/pages\/155\/revisions\/1108"}],"wp:featuredmedia":[{"embeddable":true,"href":"https:\/\/nhcsocial.pt\/index.php\/wp-json\/wp\/v2\/media\/120"}],"wp:attachment":[{"href":"https:\/\/nhcsocial.pt\/index.php\/wp-json\/wp\/v2\/media?parent=155"}],"curies":[{"name":"wp","href":"https:\/\/api.w.org\/{rel}","templated":true}]}}