{"id":243,"date":"2022-11-24T11:47:51","date_gmt":"2022-11-24T11:47:51","guid":{"rendered":"https:\/\/nhcsocial.pt\/new_wp\/?page_id=243"},"modified":"2025-11-27T16:00:19","modified_gmt":"2025-11-27T15:00:19","slug":"infancia","status":"publish","type":"page","link":"https:\/\/nhcsocial.pt\/index.php\/infancia\/","title":{"rendered":"Inf\u00e2ncia"},"content":{"rendered":"\t\t<div data-elementor-type=\"wp-page\" data-elementor-id=\"243\" class=\"elementor elementor-243\" data-elementor-post-type=\"page\">\n\t\t\t\t\t\t<section class=\"elementor-section elementor-top-section elementor-element elementor-element-d1be25b elementor-section-height-min-height elementor-section-full_width elementor-section-height-default elementor-section-items-middle\" data-id=\"d1be25b\" data-element_type=\"section\" data-settings=\"{&quot;background_background&quot;:&quot;classic&quot;}\">\n\t\t\t\t\t\t\t<div class=\"elementor-background-overlay\"><\/div>\n\t\t\t\t\t\t\t<div class=\"elementor-container elementor-column-gap-no\">\n\t\t\t\t\t<div class=\"elementor-column elementor-col-100 elementor-top-column elementor-element elementor-element-57fa4ab\" data-id=\"57fa4ab\" data-element_type=\"column\">\n\t\t\t<div class=\"elementor-widget-wrap elementor-element-populated\">\n\t\t\t\t\t\t<div class=\"elementor-element elementor-element-733b299 elementor--h-position-center elementor--v-position-middle elementor-pagination-position-inside elementor-widget elementor-widget-slides\" data-id=\"733b299\" data-element_type=\"widget\" data-settings=\"{&quot;navigation&quot;:&quot;dots&quot;,&quot;autoplay&quot;:&quot;yes&quot;,&quot;pause_on_hover&quot;:&quot;yes&quot;,&quot;pause_on_interaction&quot;:&quot;yes&quot;,&quot;autoplay_speed&quot;:5000,&quot;infinite&quot;:&quot;yes&quot;,&quot;transition&quot;:&quot;slide&quot;,&quot;transition_speed&quot;:500}\" data-widget_type=\"slides.default\">\n\t\t\t\t<div class=\"elementor-widget-container\">\n\t\t\t\t\t\t\t\t\t<div class=\"elementor-swiper\">\n\t\t\t\t\t<div class=\"elementor-slides-wrapper elementor-main-swiper swiper\" role=\"region\" aria-roledescription=\"carousel\" aria-label=\"Slides\" dir=\"ltr\" data-animation=\"fadeInUp\">\n\t\t\t\t<div class=\"swiper-wrapper elementor-slides\">\n\t\t\t\t\t\t\t\t\t\t<div class=\"elementor-repeater-item-cc2aa5a swiper-slide\" role=\"group\" aria-roledescription=\"slide\"><div class=\"swiper-slide-bg\" role=\"img\"><\/div><div class=\"swiper-slide-inner\" ><div class=\"swiper-slide-contents\"><\/div><\/div><\/div><div class=\"elementor-repeater-item-8954cd8 swiper-slide\" role=\"group\" aria-roledescription=\"slide\"><div class=\"swiper-slide-bg\" role=\"img\"><\/div><div class=\"swiper-slide-inner\" ><div class=\"swiper-slide-contents\"><\/div><\/div><\/div><div class=\"elementor-repeater-item-93bd306 swiper-slide\" role=\"group\" aria-roledescription=\"slide\"><div class=\"swiper-slide-bg\" role=\"img\"><\/div><div class=\"swiper-slide-inner\" ><div class=\"swiper-slide-contents\"><\/div><\/div><\/div><div class=\"elementor-repeater-item-4c83311 swiper-slide\" role=\"group\" aria-roledescription=\"slide\"><div class=\"swiper-slide-bg\" role=\"img\"><\/div><div class=\"swiper-slide-inner\" ><div class=\"swiper-slide-contents\"><\/div><\/div><\/div>\t\t\t\t<\/div>\n\t\t\t\t\t\t\t\t\t\t\t\t\t\t\t\t\t\t\t\t<div class=\"swiper-pagination\"><\/div>\n\t\t\t\t\t\t\t\t\t\t\t\t<\/div>\n\t\t\t\t<\/div>\n\t\t\t\t\t\t\t\t<\/div>\n\t\t\t\t<\/div>\n\t\t\t\t\t<\/div>\n\t\t<\/div>\n\t\t\t\t\t<\/div>\n\t\t<\/section>\n\t\t\t\t<section class=\"elementor-section elementor-top-section elementor-element elementor-element-902d63e elementor-section-boxed elementor-section-height-default elementor-section-height-default\" data-id=\"902d63e\" data-element_type=\"section\">\n\t\t\t\t\t\t<div class=\"elementor-container elementor-column-gap-default\">\n\t\t\t\t\t<div class=\"elementor-column elementor-col-100 elementor-top-column elementor-element elementor-element-d51a703\" data-id=\"d51a703\" data-element_type=\"column\">\n\t\t\t<div class=\"elementor-widget-wrap elementor-element-populated\">\n\t\t\t\t\t\t<div class=\"elementor-element elementor-element-48b8e1e elementor-widget elementor-widget-heading\" data-id=\"48b8e1e\" data-element_type=\"widget\" data-widget_type=\"heading.default\">\n\t\t\t\t<div class=\"elementor-widget-container\">\n\t\t\t\t\t<h2 class=\"elementor-heading-title elementor-size-default\">Inf\u00e2ncia<\/h2>\t\t\t\t<\/div>\n\t\t\t\t<\/div>\n\t\t\t\t<section class=\"elementor-section elementor-inner-section elementor-element elementor-element-d6a52b4 elementor-section-boxed elementor-section-height-default elementor-section-height-default\" data-id=\"d6a52b4\" data-element_type=\"section\">\n\t\t\t\t\t\t<div class=\"elementor-container elementor-column-gap-default\">\n\t\t\t\t\t<div class=\"elementor-column elementor-col-100 elementor-inner-column elementor-element elementor-element-8c21dea\" data-id=\"8c21dea\" data-element_type=\"column\">\n\t\t\t<div class=\"elementor-widget-wrap elementor-element-populated\">\n\t\t\t\t\t\t<div class=\"elementor-element elementor-element-1651691 elementor-widget elementor-widget-text-editor\" data-id=\"1651691\" data-element_type=\"widget\" data-widget_type=\"text-editor.default\">\n\t\t\t\t<div class=\"elementor-widget-container\">\n\t\t\t\t\t\t\t\t\t<p>A Educa\u00e7\u00e3o constitui-se como um dos pilares de interven\u00e7\u00e3o da NHC (Social) na consecu\u00e7\u00e3o dos objectivos que estiveram na base da sua constitui\u00e7\u00e3o e que se traduzem, de uma forma gen\u00e9rica, no apoio \u00e0 emancipa\u00e7\u00e3o das comunidades que serve. Com efeito, mant\u00e9m plena actualidade o reconhecimento da Educa\u00e7\u00e3o como instrumento privilegiado de forma\u00e7\u00e3o pessoal e cultural, de cria\u00e7\u00e3o de igualdade de oportunidades, da luta contra a exclus\u00e3o social, da valoriza\u00e7\u00e3o das diferen\u00e7as, da conviv\u00eancia entre diferentes culturas e da cria\u00e7\u00e3o da cidadania. Neste momento, a NHC (Social) mant\u00e9m em funcionamento a Creche Jos\u00e9 Mateus nos Olivais.<\/p>\t\t\t\t\t\t\t\t<\/div>\n\t\t\t\t<\/div>\n\t\t\t\t\t<\/div>\n\t\t<\/div>\n\t\t\t\t\t<\/div>\n\t\t<\/section>\n\t\t\t\t<section class=\"elementor-section elementor-inner-section elementor-element elementor-element-14884b4 elementor-section-boxed elementor-section-height-default elementor-section-height-default\" data-id=\"14884b4\" data-element_type=\"section\">\n\t\t\t\t\t\t<div class=\"elementor-container elementor-column-gap-default\">\n\t\t\t\t\t<div class=\"elementor-column elementor-col-33 elementor-inner-column elementor-element elementor-element-250ca71 elementor-hidden-mobile\" data-id=\"250ca71\" data-element_type=\"column\">\n\t\t\t<div class=\"elementor-widget-wrap\">\n\t\t\t\t\t\t\t<\/div>\n\t\t<\/div>\n\t\t\t\t<div class=\"elementor-column elementor-col-33 elementor-inner-column elementor-element elementor-element-4bbd218\" data-id=\"4bbd218\" data-element_type=\"column\">\n\t\t\t<div class=\"elementor-widget-wrap elementor-element-populated\">\n\t\t\t\t\t\t<section class=\"elementor-section elementor-inner-section elementor-element elementor-element-dd9e93b animated-fast elementor-section-boxed elementor-section-height-default elementor-section-height-default elementor-invisible\" data-id=\"dd9e93b\" data-element_type=\"section\" data-settings=\"{&quot;animation&quot;:&quot;fadeInUp&quot;}\">\n\t\t\t\t\t\t<div class=\"elementor-container elementor-column-gap-default\">\n\t\t\t\t\t<div class=\"elementor-column elementor-col-100 elementor-inner-column elementor-element elementor-element-54fb6d9\" data-id=\"54fb6d9\" data-element_type=\"column\" data-settings=\"{&quot;background_background&quot;:&quot;classic&quot;}\">\n\t\t\t<div class=\"elementor-widget-wrap elementor-element-populated\">\n\t\t\t\t\t<div class=\"elementor-background-overlay\"><\/div>\n\t\t\t\t\t\t<div class=\"elementor-element elementor-element-695ac5c elementor-widget elementor-widget-heading\" data-id=\"695ac5c\" data-element_type=\"widget\" data-widget_type=\"heading.default\">\n\t\t\t\t<div class=\"elementor-widget-container\">\n\t\t\t\t\t<h3 class=\"elementor-heading-title elementor-size-default\">Creche Jos\u00e9 Mateus<\/h3>\t\t\t\t<\/div>\n\t\t\t\t<\/div>\n\t\t\t\t<div class=\"elementor-element elementor-element-82efd87 elementor-widget elementor-widget-image\" data-id=\"82efd87\" data-element_type=\"widget\" data-widget_type=\"image.default\">\n\t\t\t\t<div class=\"elementor-widget-container\">\n\t\t\t\t\t\t\t\t\t\t\t\t\t\t\t<img fetchpriority=\"high\" decoding=\"async\" width=\"1919\" height=\"1440\" src=\"https:\/\/nhcsocial.pt\/wp-content\/uploads\/2023\/02\/5-foto-4-creche.jpg\" class=\"attachment-full size-full wp-image-633\" alt=\"\" srcset=\"https:\/\/nhcsocial.pt\/wp-content\/uploads\/2023\/02\/5-foto-4-creche.jpg 1919w, https:\/\/nhcsocial.pt\/wp-content\/uploads\/2023\/02\/5-foto-4-creche-300x225.jpg 300w, https:\/\/nhcsocial.pt\/wp-content\/uploads\/2023\/02\/5-foto-4-creche-1024x768.jpg 1024w, https:\/\/nhcsocial.pt\/wp-content\/uploads\/2023\/02\/5-foto-4-creche-768x576.jpg 768w, https:\/\/nhcsocial.pt\/wp-content\/uploads\/2023\/02\/5-foto-4-creche-1536x1153.jpg 1536w\" sizes=\"(max-width: 1919px) 100vw, 1919px\" \/>\t\t\t\t\t\t\t\t\t\t\t\t\t\t\t<\/div>\n\t\t\t\t<\/div>\n\t\t\t\t<div class=\"elementor-element elementor-element-a5d7126 elementor-widget elementor-widget-text-editor\" data-id=\"a5d7126\" data-element_type=\"widget\" data-widget_type=\"text-editor.default\">\n\t\t\t\t<div class=\"elementor-widget-container\">\n\t\t\t\t\t\t\t\t\t<p>A Creche &#8220;Jos\u00e9 Mateus&#8221; alberga 43 crian\u00e7as distribu\u00eddas por 3 salas: ber\u00e7\u00e1rio; sala de 1 a 2 anos; e sala de 2 a 3 anos<\/p>\t\t\t\t\t\t\t\t<\/div>\n\t\t\t\t<\/div>\n\t\t\t\t\t<\/div>\n\t\t<\/div>\n\t\t\t\t\t<\/div>\n\t\t<\/section>\n\t\t\t\t\t<\/div>\n\t\t<\/div>\n\t\t\t\t<div class=\"elementor-column elementor-col-33 elementor-inner-column elementor-element elementor-element-b60f7cd elementor-hidden-mobile\" data-id=\"b60f7cd\" data-element_type=\"column\">\n\t\t\t<div class=\"elementor-widget-wrap\">\n\t\t\t\t\t\t\t<\/div>\n\t\t<\/div>\n\t\t\t\t\t<\/div>\n\t\t<\/section>\n\t\t\t\t\t<\/div>\n\t\t<\/div>\n\t\t\t\t\t<\/div>\n\t\t<\/section>\n\t\t\t\t<section class=\"elementor-section elementor-top-section elementor-element elementor-element-abd311e elementor-section-boxed elementor-section-height-default elementor-section-height-default\" data-id=\"abd311e\" data-element_type=\"section\">\n\t\t\t\t\t\t<div class=\"elementor-container elementor-column-gap-default\">\n\t\t\t\t\t<div class=\"elementor-column elementor-col-100 elementor-top-column elementor-element elementor-element-48e5b24\" data-id=\"48e5b24\" data-element_type=\"column\">\n\t\t\t<div class=\"elementor-widget-wrap elementor-element-populated\">\n\t\t\t\t\t\t<div class=\"elementor-element elementor-element-a4b13a1 elementor-widget elementor-widget-text-editor\" data-id=\"a4b13a1\" data-element_type=\"widget\" data-widget_type=\"text-editor.default\">\n\t\t\t\t<div class=\"elementor-widget-container\">\n\t\t\t\t\t\t\t\t\t<p align=\"justify\">A Creche \u201cJos\u00e9 Mateus\u201d dos Olivais insere-se no Bairro de Olivais Norte, numa \u00e1rea caracterizada por diversas fases de realojamento Social, num ambiente agrad\u00e1vel, com muitos espa\u00e7os verdes.<\/p>\n<p align=\"justify\">Constru\u00eddo maioritariamente para inser\u00e7\u00e3o de popula\u00e7\u00f5es diferenciadas, tanto pelo poder de compra como pelo estatuto social, mediante a oferta de habita\u00e7\u00e3o econ\u00f3mica e de equipamentos colectivos, a constru\u00e7\u00e3o deste bairro dos Olivais Norte serviu de ensaio a tentativas de resolu\u00e7\u00e3o de graves problemas, como os da habita\u00e7\u00e3o e do ordenamento do territ\u00f3rio.<\/p>\n<p align=\"justify\">Contudo, a press\u00e3o demogr\u00e1fica, acentuada com o afluxo de retornados das ex-col\u00f3nias e pela exist\u00eancia de milhares de barracas e de fogos degradados, vai obrigar os poderes nacionais e aut\u00e1rquicos a delinearem um Plano de Interven\u00e7\u00e3o que ajudassem a debelar esta patologia urbana.<\/p>\n<p align=\"justify\">Nasceram, assim, os Bairros do Casal dos Machados e da Alfredo Bensa\u00fade, albergando muita gente com problemas sociais graves.<\/p>\n<p align=\"justify\">Constru\u00edda pelo Munic\u00edpio de Lisboa ao abrigo do Programa B-a-B\u00e1 e entregue \u00e0 NHC(Social), por concurso p\u00fablico, para gest\u00e3o e funcionamento, a Creche Jos\u00e9 Mateus subscreveu com o Instituto de Seguran\u00e7a Social um Acordo de Coopera\u00e7\u00e3o que abrange uma parte da sua popula\u00e7\u00e3o escolar.<\/p>\n<p align=\"justify\">A Creche \u201cJos\u00e9 Mateus\u201d alberga 43 crian\u00e7as distribu\u00eddas da seguinte forma:<\/p>\n<p><i class=\"fa fa-angle-right\"><\/i>&nbsp;Um ber\u00e7\u00e1rio para 10 crian\u00e7as dos 3 meses a 1 ano de idade<br><i class=\"fa fa-angle-right\"><\/i>&nbsp;Uma sala para crian\u00e7as de 1 a 2 anos<br><i class=\"fa fa-angle-right\"><\/i>&nbsp;Uma sala para crian\u00e7as de 2 a 3 anos<\/p>\n<p align=\"justify\">Como \u00e9 evidente, as fam\u00edlias servidas pela creche prov\u00eam, maioritariamente, dos bairros de habita\u00e7\u00e3o social, com casais jovens muitas vezes suportados pelos or\u00e7amentos familiares dos av\u00f3s reformados.<\/p>\n<h3 style=\"text-transform: none;\">Espa\u00e7os e Equipamentos<\/h3>\n<p>A Creche \u201cJos\u00e9 Mateus\u201d conta com:<\/p>\n<h6>1\u00ba Piso<\/h6>\n<p><i class=\"fa fa-angle-right\"><\/i>&nbsp;Ber\u00e7\u00e1rio<br><i class=\"fa fa-angle-right\"><\/i>&nbsp;Copa de leites<br><i class=\"fa fa-angle-right\"><\/i>&nbsp;Compartimento de higieniza\u00e7\u00e3o<br><i class=\"fa fa-angle-right\"><\/i>&nbsp;Recep\u00e7\u00e3o \/ administra\u00e7\u00e3o<br><i class=\"fa fa-angle-right\"><\/i>&nbsp;Gabinete de Isolamento<br><i class=\"fa fa-angle-right\"><\/i>&nbsp;Sala de amamenta\u00e7\u00e3o<br><i class=\"fa fa-angle-right\"><\/i>&nbsp;Cozinha<br><i class=\"fa fa-angle-right\"><\/i>&nbsp;Copa<br><i class=\"fa fa-angle-right\"><\/i>&nbsp;Sal\u00e3o polivalente<br><i class=\"fa fa-angle-right\"><\/i>&nbsp;Despensa<br><i class=\"fa fa-angle-right\"><\/i>&nbsp;Compartimento para instala\u00e7\u00e3o de res\u00edduos s\u00f3lidos<br><i class=\"fa fa-angle-right\"><\/i>&nbsp;Arrumos<br><i class=\"fa fa-angle-right\"><\/i>&nbsp;Instala\u00e7\u00f5es sanit\u00e1rias para pessoas com mobilidade reduzida<br><i class=\"fa fa-angle-right\"><\/i>&nbsp;Instala\u00e7\u00f5es sanit\u00e1rias infantis<br><i class=\"fa fa-angle-right\"><\/i>&nbsp;Instala\u00e7\u00f5es sanit\u00e1rias para adultos<br><i class=\"fa fa-angle-right\"><\/i>&nbsp;Sala de pessoal<br><i class=\"fa fa-angle-right\"><\/i>&nbsp;Gabinete do Director T\u00e9cnico<\/p>\n<h6>2\u00ba Piso<\/h6>\n<p><i class=\"fa fa-angle-right\"><\/i>&nbsp;Salas de actividades<br><i class=\"fa fa-angle-right\"><\/i>&nbsp;Instala\u00e7\u00f5es sanit\u00e1rias infantis<br><i class=\"fa fa-angle-right\"><\/i>&nbsp;Terra\u00e7o<br><i class=\"fa fa-angle-right\"><\/i>&nbsp;Arrumos<br><i class=\"fa fa-angle-right\"><\/i>&nbsp;Existe ainda um espa\u00e7o de recreio exterior, vedado, integrando uma zona verde e uma zona de recreio com caixa de areia.<\/p>\n<p><strong>Todas as instala\u00e7\u00f5es est\u00e3o equipadas com o respectivo equipamento.<\/strong><\/p>\n<h6>Os Alunos<\/h6>\n<p>A Creche Jos\u00e9 Mateus \u00e9 frequentada por 43 crian\u00e7as:<\/p>\n<p><i class=\"fa fa-angle-right\"><\/i>&nbsp;10 no ber\u00e7\u00e1rio (Sala Amizade);<br><i class=\"fa fa-angle-right\"><\/i>&nbsp;14 na sala de 1 ano (Sala Coopera\u00e7\u00e3o);<br><i class=\"fa fa-angle-right\"><\/i>&nbsp;19 na sala dos 2 anos (Sala Autonomia).<\/p>\n<h6>Pessoal Docente<\/h6>\n<p align=\"justify\">A resposta educativa conta com tr\u00eas educadoras de inf\u00e2ncia. A Directora T\u00e9cnica \u00e9 formada na \u00e1rea da educa\u00e7\u00e3o, tem larga experi\u00eancia no ensino e na gest\u00e3o escolar e \u00e9, por isso, respons\u00e1vel por todo o Projecto Educativo da Creche e pela Coordena\u00e7\u00e3o geral do seu funcionamento.<\/p>\n<h6>Pessoal N\u00e3o Docente<\/h6>\n<p align=\"justify\">Relativamente ao pessoal n\u00e3o docente, cada educadora conta com o apoio de uma auxiliar de ac\u00e7\u00e3o educativa que ajuda a cuidar do espa\u00e7o e dos recursos, mas tamb\u00e9m auxilia nas actividades educativas.<\/p>\n<p align=\"justify\">Colaboram ainda com a Creche \u201cJos\u00e9 Mateus\u201d uma assistente operacional e uma auxiliar de a\u00e7\u00e3o educativa polivalente.<\/p>\t\t\t\t\t\t\t\t<\/div>\n\t\t\t\t<\/div>\n\t\t\t\t\t<\/div>\n\t\t<\/div>\n\t\t\t\t\t<\/div>\n\t\t<\/section>\n\t\t\t\t<section class=\"elementor-section elementor-top-section elementor-element elementor-element-c534449 elementor-section-boxed elementor-section-height-default elementor-section-height-default\" data-id=\"c534449\" data-element_type=\"section\">\n\t\t\t\t\t\t<div class=\"elementor-container elementor-column-gap-default\">\n\t\t\t\t\t<div class=\"elementor-column elementor-col-100 elementor-top-column elementor-element elementor-element-0b5968e\" data-id=\"0b5968e\" data-element_type=\"column\">\n\t\t\t<div class=\"elementor-widget-wrap elementor-element-populated\">\n\t\t\t\t\t\t<div class=\"elementor-element elementor-element-76a2fc9 elementor-widget elementor-widget-text-editor\" data-id=\"76a2fc9\" data-element_type=\"widget\" data-widget_type=\"text-editor.default\">\n\t\t\t\t<div class=\"elementor-widget-container\">\n\t\t\t\t\t\t\t\t\t<table><thead><tr><th><center><strong>Condi\u00e7\u00f5es Gerais<\/strong><\/center><\/th><th><center><strong>Projeto Educativo<\/strong><\/center><\/th><th><center><strong>Plano Anual<\/strong><\/center><\/th><\/tr><\/thead><tbody><tr><td><center><a href=\"https:\/\/nhcsocial.pt\/wp-content\/uploads\/2025\/10\/Regulamento-Interno-da-Creche-2025-2026.pdf\" target=\"_blank\" rel=\"noopener\">Regulamento Interno<\/a><\/center><\/td><td><center><a href=\"https:\/\/nhcsocial.pt\/wp-content\/uploads\/2025\/11\/Projeto-Educativo-2025-2028.pdf\" target=\"_blank\" rel=\"noopener\">Projeto Educativo<\/a><\/center><\/td><td><center><a href=\"https:\/\/nhcsocial.pt\/wp-content\/uploads\/2025\/11\/PAA2025-2026.pdf\" target=\"_blank\" rel=\"noopener\">Plano Anual de Atividades<\/a><\/center><\/td><\/tr><\/tbody><\/table>\t\t\t\t\t\t\t\t<\/div>\n\t\t\t\t<\/div>\n\t\t\t\t\t<\/div>\n\t\t<\/div>\n\t\t\t\t\t<\/div>\n\t\t<\/section>\n\t\t\t\t<section class=\"elementor-section elementor-top-section elementor-element elementor-element-9db2ae8 elementor-section-boxed elementor-section-height-default elementor-section-height-default\" data-id=\"9db2ae8\" data-element_type=\"section\">\n\t\t\t\t\t\t<div class=\"elementor-container elementor-column-gap-default\">\n\t\t\t\t\t<div class=\"elementor-column elementor-col-100 elementor-top-column elementor-element elementor-element-92eac90\" data-id=\"92eac90\" data-element_type=\"column\">\n\t\t\t<div class=\"elementor-widget-wrap elementor-element-populated\">\n\t\t\t\t\t\t<section class=\"elementor-section elementor-inner-section elementor-element elementor-element-99b7361 elementor-section-boxed elementor-section-height-default elementor-section-height-default\" data-id=\"99b7361\" data-element_type=\"section\">\n\t\t\t\t\t\t<div class=\"elementor-container elementor-column-gap-default\">\n\t\t\t\t\t<div class=\"elementor-column elementor-col-100 elementor-inner-column elementor-element elementor-element-cb9d01f\" data-id=\"cb9d01f\" data-element_type=\"column\" data-settings=\"{&quot;background_background&quot;:&quot;classic&quot;}\">\n\t\t\t<div class=\"elementor-widget-wrap elementor-element-populated\">\n\t\t\t\t\t\t<div class=\"elementor-element elementor-element-015fc74 elementor-widget elementor-widget-heading\" data-id=\"015fc74\" data-element_type=\"widget\" data-widget_type=\"heading.default\">\n\t\t\t\t<div class=\"elementor-widget-container\">\n\t\t\t\t\t<p class=\"elementor-heading-title elementor-size-default\">Formul\u00e1rio de inscri\u00e7\u00e3o na creche<\/p>\t\t\t\t<\/div>\n\t\t\t\t<\/div>\n\t\t\t\t<div class=\"elementor-element elementor-element-3cade6b elementor-button-align-end elementor-widget elementor-widget-form\" data-id=\"3cade6b\" data-element_type=\"widget\" data-settings=\"{&quot;step_next_label&quot;:&quot;Pr\\u00f3ximo&quot;,&quot;step_previous_label&quot;:&quot;Anterior&quot;,&quot;button_width&quot;:&quot;100&quot;,&quot;step_type&quot;:&quot;number_text&quot;,&quot;step_icon_shape&quot;:&quot;circle&quot;}\" data-widget_type=\"form.default\">\n\t\t\t\t<div class=\"elementor-widget-container\">\n\t\t\t\t\t\t\t<form class=\"elementor-form\" method=\"post\" name=\"Inscri\u00e7\u00e3o na Creche\">\n\t\t\t<input type=\"hidden\" name=\"post_id\" value=\"243\"\/>\n\t\t\t<input type=\"hidden\" name=\"form_id\" value=\"3cade6b\"\/>\n\t\t\t<input type=\"hidden\" name=\"referer_title\" value=\"\" \/>\n\n\t\t\t\n\t\t\t<div class=\"elementor-form-fields-wrapper elementor-labels-above\">\n\t\t\t\t\t\t\t\t<div class=\"elementor-field-type-text elementor-field-group elementor-column elementor-field-group-name elementor-col-100\">\n\t\t\t\t\t\t\t\t\t\t\t\t<label for=\"form-field-name\" class=\"elementor-field-label\">\n\t\t\t\t\t\t\t\tNome\t\t\t\t\t\t\t<\/label>\n\t\t\t\t\t\t\t\t\t\t\t\t\t\t<input size=\"1\" type=\"text\" name=\"form_fields[name]\" id=\"form-field-name\" class=\"elementor-field elementor-size-sm  elementor-field-textual\" placeholder=\"Nome\">\n\t\t\t\t\t\t\t\t\t\t\t<\/div>\n\t\t\t\t\t\t\t\t<div class=\"elementor-field-type-email elementor-field-group elementor-column elementor-field-group-email elementor-col-100 elementor-field-required\">\n\t\t\t\t\t\t\t\t\t\t\t\t<label for=\"form-field-email\" class=\"elementor-field-label\">\n\t\t\t\t\t\t\t\tEmail\t\t\t\t\t\t\t<\/label>\n\t\t\t\t\t\t\t\t\t\t\t\t\t\t<input size=\"1\" type=\"email\" name=\"form_fields[email]\" id=\"form-field-email\" class=\"elementor-field elementor-size-sm  elementor-field-textual\" placeholder=\"Email\" required=\"required\">\n\t\t\t\t\t\t\t\t\t\t\t<\/div>\n\t\t\t\t\t\t\t\t<div class=\"elementor-field-type-textarea elementor-field-group elementor-column elementor-field-group-message elementor-col-100\">\n\t\t\t\t\t\t\t\t\t\t\t\t<label for=\"form-field-message\" class=\"elementor-field-label\">\n\t\t\t\t\t\t\t\tMessagem\t\t\t\t\t\t\t<\/label>\n\t\t\t\t\t\t<textarea class=\"elementor-field-textual elementor-field  elementor-size-sm\" name=\"form_fields[message]\" id=\"form-field-message\" rows=\"4\" placeholder=\"Messagem\"><\/textarea>\t\t\t\t<\/div>\n\t\t\t\t\t\t\t\t<div class=\"elementor-field-group elementor-column elementor-field-type-submit elementor-col-100 e-form__buttons\">\n\t\t\t\t\t<button class=\"elementor-button elementor-size-sm\" type=\"submit\">\n\t\t\t\t\t\t<span class=\"elementor-button-content-wrapper\">\n\t\t\t\t\t\t\t\t\t\t\t\t\t\t\t\t\t\t\t\t\t\t<span class=\"elementor-button-text\">Enviar<\/span>\n\t\t\t\t\t\t\t\t\t\t\t\t\t<\/span>\n\t\t\t\t\t<\/button>\n\t\t\t\t<\/div>\n\t\t\t<\/div>\n\t\t<input\n                    class=\"apbct_special_field apbct_email_id__elementor_form\"\n                    name=\"apbct__email_id__elementor_form\"\n                    aria-label=\"apbct__label_id__elementor_form\"\n                    type=\"text\" size=\"30\" maxlength=\"200\" autocomplete=\"off\"\n                    value=\"\"\n                \/><\/form>\n\t\t\t\t\t\t<\/div>\n\t\t\t\t<\/div>\n\t\t\t\t<div class=\"elementor-element elementor-element-209d003 elementor-widget__width-inherit elementor-widget elementor-widget-text-editor\" data-id=\"209d003\" data-element_type=\"widget\" data-widget_type=\"text-editor.default\">\n\t\t\t\t<div class=\"elementor-widget-container\">\n\t\t\t\t\t\t\t\t\t<strong><span style=\"display: inline-block; margin-top: 22.5%; font-size: 2.5em;\">Brevemente<\/span><\/strong>\t\t\t\t\t\t\t\t<\/div>\n\t\t\t\t<\/div>\n\t\t\t\t\t<\/div>\n\t\t<\/div>\n\t\t\t\t\t<\/div>\n\t\t<\/section>\n\t\t\t\t\t<\/div>\n\t\t<\/div>\n\t\t\t\t\t<\/div>\n\t\t<\/section>\n\t\t\t\t<\/div>\n\t\t","protected":false},"excerpt":{"rendered":"<p>Inf\u00e2ncia A Educa\u00e7\u00e3o constitui-se como um dos pilares de interven\u00e7\u00e3o da NHC (Social) na consecu\u00e7\u00e3o dos objectivos que estiveram na base da sua constitui\u00e7\u00e3o e que se traduzem, de uma forma gen\u00e9rica, no apoio \u00e0 emancipa\u00e7\u00e3o das comunidades que serve. Com efeito, mant\u00e9m plena actualidade o reconhecimento da Educa\u00e7\u00e3o como instrumento privilegiado de forma\u00e7\u00e3o pessoal [&hellip;]<\/p>\n","protected":false},"author":1,"featured_media":0,"parent":0,"menu_order":0,"comment_status":"closed","ping_status":"closed","template":"elementor_theme","meta":{"footnotes":""},"class_list":["post-243","page","type-page","status-publish","hentry"],"_links":{"self":[{"href":"https:\/\/nhcsocial.pt\/index.php\/wp-json\/wp\/v2\/pages\/243","targetHints":{"allow":["GET"]}}],"collection":[{"href":"https:\/\/nhcsocial.pt\/index.php\/wp-json\/wp\/v2\/pages"}],"about":[{"href":"https:\/\/nhcsocial.pt\/index.php\/wp-json\/wp\/v2\/types\/page"}],"author":[{"embeddable":true,"href":"https:\/\/nhcsocial.pt\/index.php\/wp-json\/wp\/v2\/users\/1"}],"replies":[{"embeddable":true,"href":"https:\/\/nhcsocial.pt\/index.php\/wp-json\/wp\/v2\/comments?post=243"}],"version-history":[{"count":137,"href":"https:\/\/nhcsocial.pt\/index.php\/wp-json\/wp\/v2\/pages\/243\/revisions"}],"predecessor-version":[{"id":1091,"href":"https:\/\/nhcsocial.pt\/index.php\/wp-json\/wp\/v2\/pages\/243\/revisions\/1091"}],"wp:attachment":[{"href":"https:\/\/nhcsocial.pt\/index.php\/wp-json\/wp\/v2\/media?parent=243"}],"curies":[{"name":"wp","href":"https:\/\/api.w.org\/{rel}","templated":true}]}}